{"id":16,"date":"2021-12-20T11:10:43","date_gmt":"2021-12-20T10:10:43","guid":{"rendered":"http:\/\/l-asdufoot.fr\/?page_id=16"},"modified":"2021-12-27T13:00:07","modified_gmt":"2021-12-27T12:00:07","slug":"accueil","status":"publish","type":"page","link":"https:\/\/l-asdufoot.fr\/","title":{"rendered":"Pr\u00e9sentation du jeu"},"content":{"rendered":"\n<p>L&#8217;as du foot est un jeu invent\u00e9 par Antoine, \u00e0 l&#8217;\u00e2ge de 10 ans . Son papi \u00e9tait atteint de la maladie de Charcot ou SLA . En vendant ce jeu sur  la longue route des malades de la SLA en 2018, Antoine a fait un bout du chemin avec son papi.<\/p>\n\n\n\n<p>Pour en savoir plus, allez sur le site internet de l&#8217;association savoyarde  <a href=\"https:\/\/www.longueroutesla.org\" data-type=\"URL\" data-id=\"https:\/\/www.longueroutesla.org\">La longue route des malades de la SLA<\/a>.<\/p>\n\n\n\n<p>Aujourd&#8217;hui, Antoine vous propose de d\u00e9couvrir et acheter en ligne ce jeu simple, amusant et instructif.<\/p>\n","protected":false},"excerpt":{"rendered":"<p>L&#8217;as du foot est un jeu invent\u00e9 par Antoine, \u00e0 l&#8217;\u00e2ge de 10 ans . Son papi \u00e9tait atteint de la maladie de Charcot ou SLA . En vendant ce jeu sur la longue route des malades de la SLA en 2018, Antoine a fait un bout du chemin avec son papi. Pour en savoir &hellip; <\/p>\n<p class=\"link-more\"><a href=\"https:\/\/l-asdufoot.fr\/\" class=\"more-link\">Continue reading<span class=\"screen-reader-text\"> &#8220;Pr\u00e9sentation du jeu&#8221;<\/span><\/a><\/p>\n","protected":false},"author":1,"featured_media":65,"parent":0,"menu_order":0,"comment_status":"closed","ping_status":"closed","template":"","meta":[],"_links":{"self":[{"href":"https:\/\/l-asdufoot.fr\/index.php?rest_route=\/wp\/v2\/pages\/16"}],"collection":[{"href":"https:\/\/l-asdufoot.fr\/index.php?rest_route=\/wp\/v2\/pages"}],"about":[{"href":"https:\/\/l-asdufoot.fr\/index.php?rest_route=\/wp\/v2\/types\/page"}],"author":[{"embeddable":true,"href":"https:\/\/l-asdufoot.fr\/index.php?rest_route=\/wp\/v2\/users\/1"}],"replies":[{"embeddable":true,"href":"https:\/\/l-asdufoot.fr\/index.php?rest_route=%2Fwp%2Fv2%2Fcomments&post=16"}],"version-history":[{"count":6,"href":"https:\/\/l-asdufoot.fr\/index.php?rest_route=\/wp\/v2\/pages\/16\/revisions"}],"predecessor-version":[{"id":110,"href":"https:\/\/l-asdufoot.fr\/index.php?rest_route=\/wp\/v2\/pages\/16\/revisions\/110"}],"wp:featuredmedia":[{"embeddable":true,"href":"https:\/\/l-asdufoot.fr\/index.php?rest_route=\/wp\/v2\/media\/65"}],"wp:attachment":[{"href":"https:\/\/l-asdufoot.fr\/index.php?rest_route=%2Fwp%2Fv2%2Fmedia&parent=16"}],"curies":[{"name":"wp","href":"https:\/\/api.w.org\/{rel}","templated":true}]}}