{"id":56,"date":"2021-12-20T11:42:13","date_gmt":"2021-12-20T10:42:13","guid":{"rendered":"http:\/\/l-asdufoot.fr\/?page_id=56"},"modified":"2021-12-27T12:11:51","modified_gmt":"2021-12-27T11:11:51","slug":"les-benejices-du-jeu","status":"publish","type":"page","link":"https:\/\/l-asdufoot.fr\/?page_id=56","title":{"rendered":"les b\u00e9n\u00e9fices du jeu"},"content":{"rendered":"\n<p>Le jeu a des b\u00e9n\u00e9fices comme <\/p>\n\n\n\n<ul><li>l&#8217;apprentissage de la strat\u00e9gie <\/li><li> l&#8217;exercice du positionnement sur terrain<\/li><li>l&#8217;anticipation de possibles contre attaque, <\/li><li>la compr\u00e9hension des r\u00e8gles du foot,<\/li><\/ul>\n\n\n\n<p>Sinon, il sert aussi juste \u00e0 s&#8217;amuser !<\/p>\n\n\n\n<p>Enfin, les b\u00e9n\u00e9fices de la vente seront enti\u00e8rement revers\u00e9s \u00e0 la recherche pour \u00e9radiquer la SLA.<\/p>\n\n\n\n<p> En m\u00e9moire de mon papi, ancien gardien de foot !<\/p>\n","protected":false},"excerpt":{"rendered":"<p>Le jeu a des b\u00e9n\u00e9fices comme l&#8217;apprentissage de la strat\u00e9gie l&#8217;exercice du positionnement sur terrain l&#8217;anticipation de possibles contre attaque, la compr\u00e9hension des r\u00e8gles du foot, Sinon, il sert aussi juste \u00e0 s&#8217;amuser ! Enfin, les b\u00e9n\u00e9fices de la vente seront enti\u00e8rement revers\u00e9s \u00e0 la recherche pour \u00e9radiquer la SLA. En m\u00e9moire de mon papi, &hellip; <\/p>\n<p class=\"link-more\"><a href=\"https:\/\/l-asdufoot.fr\/?page_id=56\" class=\"more-link\">Continue reading<span class=\"screen-reader-text\"> &#8220;les b\u00e9n\u00e9fices du jeu&#8221;<\/span><\/a><\/p>\n","protected":false},"author":1,"featured_media":71,"parent":0,"menu_order":0,"comment_status":"closed","ping_status":"closed","template":"","meta":[],"_links":{"self":[{"href":"https:\/\/l-asdufoot.fr\/index.php?rest_route=\/wp\/v2\/pages\/56"}],"collection":[{"href":"https:\/\/l-asdufoot.fr\/index.php?rest_route=\/wp\/v2\/pages"}],"about":[{"href":"https:\/\/l-asdufoot.fr\/index.php?rest_route=\/wp\/v2\/types\/page"}],"author":[{"embeddable":true,"href":"https:\/\/l-asdufoot.fr\/index.php?rest_route=\/wp\/v2\/users\/1"}],"replies":[{"embeddable":true,"href":"https:\/\/l-asdufoot.fr\/index.php?rest_route=%2Fwp%2Fv2%2Fcomments&post=56"}],"version-history":[{"count":6,"href":"https:\/\/l-asdufoot.fr\/index.php?rest_route=\/wp\/v2\/pages\/56\/revisions"}],"predecessor-version":[{"id":103,"href":"https:\/\/l-asdufoot.fr\/index.php?rest_route=\/wp\/v2\/pages\/56\/revisions\/103"}],"wp:featuredmedia":[{"embeddable":true,"href":"https:\/\/l-asdufoot.fr\/index.php?rest_route=\/wp\/v2\/media\/71"}],"wp:attachment":[{"href":"https:\/\/l-asdufoot.fr\/index.php?rest_route=%2Fwp%2Fv2%2Fmedia&parent=56"}],"curies":[{"name":"wp","href":"https:\/\/api.w.org\/{rel}","templated":true}]}}